{"id":103,"date":"2026-04-14T07:54:13","date_gmt":"2026-04-14T07:54:13","guid":{"rendered":"https:\/\/astraholys.com\/mentions-legales\/"},"modified":"2026-04-14T08:05:55","modified_gmt":"2026-04-14T08:05:55","slug":"mentions-legales","status":"publish","type":"page","link":"https:\/\/astraholys.com\/en\/mentions-legales\/","title":{"rendered":"Mentions l\u00e9gales"},"content":{"rendered":"<h2 class=\"wp-block-heading\">Mentions l\u00e9gales<\/h2>\n<p>Conform\u00e9ment aux dispositions des articles 6-III et 19 de la Loi n\u00b0 2004-575 du 21 juin 2004 pour la Confiance dans l&rsquo;\u00e9conomie num\u00e9rique, dite L.C.E.N., nous portons \u00e0 la connaissance des utilisateurs et visiteurs du site <strong>astraholys.com<\/strong> les informations suivantes.<\/p>\n\n<h3 class=\"wp-block-heading\">\u00c9diteur du site<\/h3>\n<p><strong>OBSERVATOIRE DES SOUTIENS \u00c0 L&rsquo;ENTREPRENEURIAT EN AFRIQUE<\/strong><br>SAS au capital social de 500 000 \u20ac<br>Si\u00e8ge social : 1 rue de Stockholm, 75008 Paris, France<br>RCS Paris : 983 918 368<br>SIRET : 983 918 368 00017<br>N\u00b0 TVA intracommunautaire : FR11 983918368<br>Nom commercial : AstraHolys<br>Email : contact@astraholys.com<br>Directeur de la publication : Gr\u00e9gory Gu\u00e9neau, Pr\u00e9sident<\/p>\n\n<h3 class=\"wp-block-heading\">H\u00e9bergeur<\/h3>\n<p><strong>OVH SAS<\/strong><br>2 rue Kellermann, 59100 Roubaix, France<br>T\u00e9l. : +33 9 72 10 10 07<br>Site : ovh.com<\/p>\n\n<h3 class=\"wp-block-heading\">Propri\u00e9t\u00e9 intellectuelle<\/h3>\n<p>L&rsquo;ensemble du contenu du site astraholys.com (textes, images, vid\u00e9os, logos, marques, \u00e9l\u00e9ments graphiques, bases de donn\u00e9es, etc.) est la propri\u00e9t\u00e9 exclusive de l&rsquo;\u00e9diteur ou de ses partenaires et est prot\u00e9g\u00e9 par les lois fran\u00e7aises et internationales relatives \u00e0 la propri\u00e9t\u00e9 intellectuelle. Toute reproduction, repr\u00e9sentation, modification, publication, adaptation, totale ou partielle, par quelque proc\u00e9d\u00e9 que ce soit, est interdite sans autorisation \u00e9crite pr\u00e9alable de l&rsquo;\u00e9diteur.<\/p>\n\n<h3 class=\"wp-block-heading\">Responsabilit\u00e9<\/h3>\n<p>Les informations diffus\u00e9es sur astraholys.com sont fournies \u00e0 titre indicatif. L&rsquo;\u00e9diteur ne saurait \u00eatre tenu responsable de l&rsquo;interpr\u00e9tation qui en est faite par les utilisateurs, ni des d\u00e9cisions prises sur la base de ces informations. Les services propos\u00e9s (profils astrologiques, pr\u00e9visions, analyses) rel\u00e8vent d&rsquo;un domaine culturel et divertissant et ne sauraient se substituer \u00e0 un avis m\u00e9dical, juridique ou financier.<\/p>\n\n<h3 class=\"wp-block-heading\">Donn\u00e9es personnelles<\/h3>\n<p>Le traitement des donn\u00e9es personnelles est d\u00e9taill\u00e9 dans notre <a href=\"\/en\/politique-de-confidentialite\/\">Politique de confidentialit\u00e9<\/a>. Pour toute question, contactez-nous \u00e0 contact@astraholys.com.<\/p>\n\n<h3 class=\"wp-block-heading\">M\u00e9diation de la consommation<\/h3>\n<p>Conform\u00e9ment \u00e0 l&rsquo;article L.616-1 du Code de la consommation, nous proposons un dispositif de m\u00e9diation de la consommation. L&rsquo;entit\u00e9 de m\u00e9diation retenue est : CNPM &#8211; MEDIATION DE LA CONSOMMATION \u2014 27 avenue de la Lib\u00e9ration, 42400 Saint-Chamond \u2014 cnpm-mediation-consommation.eu.<\/p>\n\n<p><em>Derni\u00e8re mise \u00e0 jour : 14\/04\/2026<\/em><\/p>","protected":false},"excerpt":{"rendered":"<p>Mentions l\u00e9gales Conform\u00e9ment aux dispositions des articles 6-III et 19 de la Loi n\u00b0 2004-575 du 21 juin 2004 pour la Confiance dans l&rsquo;\u00e9conomie num\u00e9rique, dite L.C.E.N., nous portons \u00e0 la connaissance des utilisateurs et visiteurs du site astraholys.com les informations suivantes. \u00c9diteur du site OBSERVATOIRE DES SOUTIENS \u00c0 L&rsquo;ENTREPRENEURIAT EN AFRIQUESAS au capital social [&hellip;]<\/p>\n","protected":false},"author":1,"featured_media":0,"parent":0,"menu_order":0,"comment_status":"closed","ping_status":"closed","template":"","meta":{"footnotes":""},"class_list":["post-103","page","type-page","status-publish","hentry"],"_links":{"self":[{"href":"https:\/\/astraholys.com\/en\/wp-json\/wp\/v2\/pages\/103","targetHints":{"allow":["GET"]}}],"collection":[{"href":"https:\/\/astraholys.com\/en\/wp-json\/wp\/v2\/pages"}],"about":[{"href":"https:\/\/astraholys.com\/en\/wp-json\/wp\/v2\/types\/page"}],"author":[{"embeddable":true,"href":"https:\/\/astraholys.com\/en\/wp-json\/wp\/v2\/users\/1"}],"replies":[{"embeddable":true,"href":"https:\/\/astraholys.com\/en\/wp-json\/wp\/v2\/comments?post=103"}],"version-history":[{"count":1,"href":"https:\/\/astraholys.com\/en\/wp-json\/wp\/v2\/pages\/103\/revisions"}],"predecessor-version":[{"id":110,"href":"https:\/\/astraholys.com\/en\/wp-json\/wp\/v2\/pages\/103\/revisions\/110"}],"wp:attachment":[{"href":"https:\/\/astraholys.com\/en\/wp-json\/wp\/v2\/media?parent=103"}],"curies":[{"name":"wp","href":"https:\/\/api.w.org\/{rel}","templated":true}]}}